{"id":4527,"date":"2024-03-14T12:30:09","date_gmt":"2024-03-14T12:30:09","guid":{"rendered":"https:\/\/marronist.com\/magaza\/abelia-black-knitted-beach-bag\/"},"modified":"2024-03-14T12:30:09","modified_gmt":"2024-03-14T09:30:09","slug":"abelia-black-knitted-beach-bag","status":"publish","type":"product","link":"https:\/\/marronist.com\/en\/shop\/abelia-black-knitted-beach-bag\/","title":{"rendered":"Abelia Black Knitted Beach Bag"},"content":{"rendered":"","protected":false},"excerpt":{"rendered":"<p>It will complement your beach style in a stylish way and will become one of your indispensable bags with 3 different colors suitable for every style.<\/p>\n<p><strong>Product Info:<\/strong> 100% handmade, mesh, knitted beach bag with cream colored paper string.<br \/>\n<strong>\u00d6l\u00e7\u00fc Bilgisi:<\/strong> Depth 30 cm, width 50 cm<br \/>\n<strong>Care Instructions:<\/strong> Hand wash in cold water. Dry by laying out.<\/p>\n","protected":false},"featured_media":5273,"template":"","meta":{"inline_featured_image":false},"product_brand":[],"product_cat":[80],"product_tag":[],"class_list":{"0":"post-4527","1":"product","2":"type-product","3":"status-publish","4":"has-post-thumbnail","6":"product_cat-bag","8":"first","9":"outofstock","10":"shipping-taxable","11":"purchasable","12":"product-type-simple"},"_links":{"self":[{"href":"https:\/\/marronist.com\/en\/wp-json\/wp\/v2\/product\/4527","targetHints":{"allow":["GET"]}}],"collection":[{"href":"https:\/\/marronist.com\/en\/wp-json\/wp\/v2\/product"}],"about":[{"href":"https:\/\/marronist.com\/en\/wp-json\/wp\/v2\/types\/product"}],"wp:featuredmedia":[{"embeddable":true,"href":"https:\/\/marronist.com\/en\/wp-json\/wp\/v2\/media\/5273"}],"wp:attachment":[{"href":"https:\/\/marronist.com\/en\/wp-json\/wp\/v2\/media?parent=4527"}],"wp:term":[{"taxonomy":"product_brand","embeddable":true,"href":"https:\/\/marronist.com\/en\/wp-json\/wp\/v2\/product_brand?post=4527"},{"taxonomy":"product_cat","embeddable":true,"href":"https:\/\/marronist.com\/en\/wp-json\/wp\/v2\/product_cat?post=4527"},{"taxonomy":"product_tag","embeddable":true,"href":"https:\/\/marronist.com\/en\/wp-json\/wp\/v2\/product_tag?post=4527"}],"curies":[{"name":"wp","href":"https:\/\/api.w.org\/{rel}","templated":true}]}}